{"id":10,"date":"2018-09-07T19:38:21","date_gmt":"2018-09-07T22:38:21","guid":{"rendered":"http:\/\/localhost\/i21\/?page_id=10"},"modified":"2023-03-30T22:26:24","modified_gmt":"2023-03-31T01:26:24","slug":"quem-somos","status":"publish","type":"page","link":"https:\/\/i21.org.br\/en\/quem-somos\/","title":{"rendered":"Quem somos"},"content":{"rendered":"<p>Descri\u00e7\u00e3o das tarefas da secretaria<\/p>\r\n<p>Uma breve biografia do Secret\u00e1rio de Pol\u00edtica e Rela\u00e7\u00f5es Internacionais<\/p>\r\n<p>Lista com o nome dos membros da Comiss\u00e3o de PRI<\/p>\r\n<p>Expediente do site<\/p>\r\n\r\n\r\n<p><\/p>","protected":false},"excerpt":{"rendered":"<p>Descri\u00e7\u00e3o das tarefas da secretaria Uma breve biografia do Secret\u00e1rio de Pol\u00edtica e Rela\u00e7\u00f5es Internacionais Lista com o nome dos membros da Comiss\u00e3o de PRI Expediente do site<\/p>\n","protected":false},"author":1,"featured_media":0,"parent":0,"menu_order":0,"comment_status":"closed","ping_status":"closed","template":"page-quem-somos.php","meta":{"_exactmetrics_skip_tracking":false,"_exactmetrics_sitenote_active":false,"_exactmetrics_sitenote_note":"","_exactmetrics_sitenote_category":0,"footnotes":""},"class_list":["post-10","page","type-page","status-publish","hentry"],"_links":{"self":[{"href":"https:\/\/i21.org.br\/en\/wp-json\/wp\/v2\/pages\/10","targetHints":{"allow":["GET"]}}],"collection":[{"href":"https:\/\/i21.org.br\/en\/wp-json\/wp\/v2\/pages"}],"about":[{"href":"https:\/\/i21.org.br\/en\/wp-json\/wp\/v2\/types\/page"}],"author":[{"embeddable":true,"href":"https:\/\/i21.org.br\/en\/wp-json\/wp\/v2\/users\/1"}],"replies":[{"embeddable":true,"href":"https:\/\/i21.org.br\/en\/wp-json\/wp\/v2\/comments?post=10"}],"version-history":[{"count":7,"href":"https:\/\/i21.org.br\/en\/wp-json\/wp\/v2\/pages\/10\/revisions"}],"predecessor-version":[{"id":5011,"href":"https:\/\/i21.org.br\/en\/wp-json\/wp\/v2\/pages\/10\/revisions\/5011"}],"wp:attachment":[{"href":"https:\/\/i21.org.br\/en\/wp-json\/wp\/v2\/media?parent=10"}],"curies":[{"name":"wp","href":"https:\/\/api.w.org\/{rel}","templated":true}]}}