{"id":12,"date":"2018-09-07T19:41:10","date_gmt":"2018-09-07T22:41:10","guid":{"rendered":"http:\/\/localhost\/i21\/?page_id=12"},"modified":"2022-10-10T16:33:28","modified_gmt":"2022-10-10T19:33:28","slug":"links","status":"publish","type":"page","link":"https:\/\/i21.org.br\/it\/links\/","title":{"rendered":"Links"},"content":{"rendered":"<p>EIPCO &#8211; Lista com todos os partidos e organiza\u00e7\u00f5es que fazem parte do<\/p>\r\n<p>Encontro Internacional de Partidos Comunistas e Oper\u00e1rios, com os respectivos links.<\/p>\r\n<p>Foro de S\u00e3o Paulo &#8211; Lista com todos os partidos e organiza\u00e7\u00f5es que fazem parte do Foro de S\u00e3o Paulo, com os respectivos links.<\/p>\r\n<p>Link para a p\u00e1gina do Conselho Mundial da Paz (CMP).<\/p>\r\n<p>Link para a p\u00e1gina do Cebrapaz.<\/p>\r\n<p>Link para a p\u00e1gina da Federa\u00e7\u00e3o Sindical Mundial (FSM).<\/p>\r\n<p>Link para a p\u00e1gina da Federa\u00e7\u00e3o Mundial da Juventude Democr\u00e1tica (FMJD).<\/p>\r\n<p>Link para a p\u00e1gina da Federa\u00e7\u00e3o Democr\u00e1tica Internacional de Mulheres (FEDIM).<\/p>\r\n<p><!-- \/wp:paragraph --><\/p>\r\n\r\n<!-- wp:paragraph -->\r\n<p><strong>LINKS<\/strong><\/p>\r\n<!-- \/wp:paragraph -->\r\n\r\n<!-- wp:paragraph -->\r\n<p>EIPCO &#8211; Lista com todos os partidos e\r\norganiza\u00e7\u00f5es que fazem parte do Encontro Internacional de Partidos Comunistas e\r\nOper\u00e1rios, com os respectivos links.<\/p>\r\n<!-- \/wp:paragraph -->\r\n\r\n<!-- wp:paragraph -->\r\n<p>Foro de S\u00e3o Paulo &#8211; Lista com todos os\r\npartidos e organiza\u00e7\u00f5es que fazem parte do Foro de S\u00e3o Paulo, com os\r\nrespectivos links.<\/p>\r\n<!-- \/wp:paragraph -->\r\n\r\n<!-- wp:paragraph -->\r\n<p>Link para a p\u00e1gina do Conselho Mundial\r\nda Paz (CMP).<\/p>\r\n<!-- \/wp:paragraph -->\r\n\r\n<!-- wp:paragraph -->\r\n<p>Link para a p\u00e1gina do Cebrapaz.<\/p>\r\n<!-- \/wp:paragraph -->\r\n\r\n<!-- wp:paragraph -->\r\n<p>Link para a p\u00e1gina da Federa\u00e7\u00e3o Sindical\r\nMundial (FSM).<\/p>\r\n<!-- \/wp:paragraph -->\r\n\r\n<!-- wp:paragraph -->\r\n<p>Link para a p\u00e1gina da Federa\u00e7\u00e3o\r\nMundial da Juventude Democr\u00e1tica (FMJD).<\/p>\r\n<!-- \/wp:paragraph -->\r\n\r\n<!-- wp:paragraph -->\r\n<p>Link para a p\u00e1gina da Federa\u00e7\u00e3o\r\nDemocr\u00e1tica Internacional de Mulheres (FEDIM).\r\n\r\nComo\r\no site ser\u00e1 \u00f3rg\u00e3o oficial da Secretaria, todos os artigos autorais \u2013 com exce\u00e7\u00e3o\r\ndaqueles publicados na se\u00e7\u00e3o <strong>Todo Mundo<\/strong>\r\n&#8211; devem ter em conta as posi\u00e7\u00f5es j\u00e1 consolidadas coletivamente no \u00e2mbito do\r\nPartido sobre os diversos aspectos da conjuntura internacional.\r\n\r\n\r\n\r\n<\/p>\r\n<!-- \/wp:paragraph -->","protected":false},"excerpt":{"rendered":"<p>EIPCO &#8211; Lista com todos os partidos e organiza\u00e7\u00f5es que fazem parte do Encontro Internacional de Partidos Comunistas e Oper\u00e1rios, com os respectivos links. Foro de S\u00e3o Paulo &#8211; Lista com todos os partidos e organiza\u00e7\u00f5es que fazem parte do Foro de S\u00e3o Paulo, com os respectivos links. Link para a p\u00e1gina do Conselho Mundial [&hellip;]<\/p>\n","protected":false},"author":1,"featured_media":0,"parent":0,"menu_order":0,"comment_status":"closed","ping_status":"closed","template":"","meta":{"_exactmetrics_skip_tracking":false,"_exactmetrics_sitenote_active":false,"_exactmetrics_sitenote_note":"","_exactmetrics_sitenote_category":0,"footnotes":""},"class_list":["post-12","page","type-page","status-publish","hentry"],"_links":{"self":[{"href":"https:\/\/i21.org.br\/it\/wp-json\/wp\/v2\/pages\/12","targetHints":{"allow":["GET"]}}],"collection":[{"href":"https:\/\/i21.org.br\/it\/wp-json\/wp\/v2\/pages"}],"about":[{"href":"https:\/\/i21.org.br\/it\/wp-json\/wp\/v2\/types\/page"}],"author":[{"embeddable":true,"href":"https:\/\/i21.org.br\/it\/wp-json\/wp\/v2\/users\/1"}],"replies":[{"embeddable":true,"href":"https:\/\/i21.org.br\/it\/wp-json\/wp\/v2\/comments?post=12"}],"version-history":[{"count":7,"href":"https:\/\/i21.org.br\/it\/wp-json\/wp\/v2\/pages\/12\/revisions"}],"predecessor-version":[{"id":8439,"href":"https:\/\/i21.org.br\/it\/wp-json\/wp\/v2\/pages\/12\/revisions\/8439"}],"wp:attachment":[{"href":"https:\/\/i21.org.br\/it\/wp-json\/wp\/v2\/media?parent=12"}],"curies":[{"name":"wp","href":"https:\/\/api.w.org\/{rel}","templated":true}]}}